{"id":2,"date":"2023-04-10T22:31:27","date_gmt":"2023-04-10T22:31:27","guid":{"rendered":"http:\/\/imofinance.pt\/?page_id=2"},"modified":"2023-08-30T11:43:49","modified_gmt":"2023-08-30T11:43:49","slug":"intermediario-de-credito","status":"publish","type":"page","link":"https:\/\/imofinance.pt\/index.php\/intermediario-de-credito\/","title":{"rendered":"Intermedi\u00e1rio de cr\u00e9dito"},"content":{"rendered":"\n<ul class=\"wp-block-list\">\n<li>Denomina\u00e7\u00e3o do intermedi\u00e1rio de cr\u00e9dito: \u201c<strong>IMOFINANCE<\/strong>\u201d, marca registada propriedade da Formula Cred\u00edvel, Lda. (doravante, \u201c<strong>IMOFINANCE\u201d<\/strong>)<\/li>\n\n\n\n<li>Sede: Avenida da Liberdade, n.\u00ba 75-A, 2525-801 Serra D\u2019El Rei<\/li>\n\n\n\n<li>NIPC: 517168464<\/li>\n\n\n\n<li>Telefone: 262 243 401&nbsp; (todos os dias \u00fateis, das 09h00 \u00e0s 19h00 horas)<\/li>\n\n\n\n<li>E-mail: geral@imofinance.pt<\/li>\n\n\n\n<li>A <strong>IMOFINANCE<\/strong> encontra-se registada como intermedi\u00e1rio de cr\u00e9dito junto do Banco de Portugal sob o n\u00famero 0007195, registo que pode ser confirmado atrav\u00e9s da seguinte hiperliga\u00e7\u00e3o: <a href=\"https:\/\/www.bportugal.pt\/intermediariocreditofar\/formula-credivel-lda\">https:\/\/www.bportugal.pt\/intermediariocreditofar\/formula-credivel-lda<\/a><\/li>\n\n\n\n<li>A <strong>IMOFINANCE<\/strong> exerce a sua atividade como intermedi\u00e1rio de cr\u00e9dito vinculado sem exclusividade<\/li>\n\n\n\n<li>A <strong>IMOFINANCE<\/strong> n\u00e3o concede cr\u00e9dito, exercendo a sua atividade como mero intermedi\u00e1rio de cr\u00e9dito vinculado nos termos dispostos na lei, mantendo, para o efeito, contratos de vincula\u00e7\u00e3o com as seguintes entidades mutuantes:\n<ul class=\"wp-block-list\">\n<li>UNICRE &#8211; INSTITUI\u00c7\u00c3O FINANCEIRA DE CR\u00c9DITO, S.A.<\/li>\n\n\n\n<li>BANCO SANTANDER TOTTA, S.A.<\/li>\n\n\n\n<li>BANKINTER, SA &#8211; SUCURSAL EM PORTUGAL<\/li>\n\n\n\n<li>BANCO CTT, S.A.<\/li>\n\n\n\n<li>CAIXA DE CR\u00c9DITO AGR\u00cdCOLA M\u00daTUO DE CALDAS DA RAINHA, \u00d3BIDOS E PENICHE, CRL<\/li>\n\n\n\n<li>BANCO BPI S.A.<\/li>\n\n\n\n<li>UNION DE CR\u00c9DITOS INMOBILI\u00c1RIOS, S.A., ESTABLECIMIENTO FINANCIERO DE CR\u00c9DITO (SOCIEDAD UNIPERSONAL) &#8211; SUCURSAL EM PORTUGAL<\/li>\n\n\n\n<li>BANCO BIC PORTUGU\u00caS, SA<\/li>\n<\/ul>\n<\/li>\n\n\n\n<li>A <strong>IMOFINANCE<\/strong> est\u00e1 autorizada a prestar os seguintes servi\u00e7os:\n<ul class=\"wp-block-list\">\n<li>Apresenta\u00e7\u00e3o ou proposta de contratos de cr\u00e9dito a consumidores;<\/li>\n\n\n\n<li>Assist\u00eancia a consumidores, mediante a realiza\u00e7\u00e3o de atos preparat\u00f3rios ou de outros trabalhos de gest\u00e3o pr\u00e9-contratual relativamente a contratos de cr\u00e9dito que n\u00e3o tenham sido por si apresentados ou propostos.<\/li>\n\n\n\n<li>Servi\u00e7os de consultoria<\/li>\n<\/ul>\n<\/li>\n\n\n\n<li>Responsabilidade civil: A entidade que garante a responsabilidade civil pela atividade de intermedia\u00e7\u00e3o de cr\u00e9dito hipotec\u00e1rio e cr\u00e9dito aos consumidores \u00e9 a Hiscox S.A. &#8211; Sucursal em Portugal com a ap\u00f3lice n\u00ba 2533733 e 2533734 v\u00e1lidas de 23\/01\/2023 at\u00e9 22\/01\/2024.<\/li>\n\n\n\n<li>Custo dos servi\u00e7os: Os servi\u00e7os prestados, nos termos da legisla\u00e7\u00e3o aplic\u00e1vel, s\u00e3o gratuitos para o consumidor.<\/li>\n\n\n\n<li>Esta vedada \u00e0 <strong>IMOFINANCE<\/strong> a rece\u00e7\u00e3o e entrega de quaisquer valores relacionados com a forma\u00e7\u00e3o, a execu\u00e7\u00e3o e o cumprimento antecipado dos contratos de cr\u00e9dito, no termo do artigo 46\u00ba do regime jur\u00eddico dos intermedi\u00e1rios de cr\u00e9dito.<\/li>\n\n\n\n<li>A atividade de intermedia\u00e7\u00e3o de cr\u00e9dito desenvolvida pela <strong>IMOFINANCE<\/strong> est\u00e1 sujeita \u00e0 supervis\u00e3o do Banco de Portugal e \u00e0 legisla\u00e7\u00e3o aplic\u00e1vel, nomeadamente ao regime jur\u00eddico que define os requisitos de acesso e de exerc\u00edcio da atividade de intermedi\u00e1rio de cr\u00e9dito e da presta\u00e7\u00e3o de servi\u00e7os de consultoria relativamente a contratos de cr\u00e9dito estabelecido no Decreto-Lei n.o 81-C\/2017, de 7 de julho.<\/li>\n\n\n\n<li>Comiss\u00f5es e incentivos\n<ul class=\"wp-block-list\">\n<li>A informa\u00e7\u00e3o sobre os montantes recebidos pela IMOFINANCE pela presta\u00e7\u00e3o dos servi\u00e7os de intermedia\u00e7\u00e3o de Cr\u00e9dito Habita\u00e7\u00e3o a t\u00edtulo de comiss\u00f5es e outros incentivos ser\u00e1 prestada na ficha de informa\u00e7\u00e3o normalizada europeia (FINE) prevista na legisla\u00e7\u00e3o aplic\u00e1vel \u00e0quele tipo de contratos de cr\u00e9dito.<\/li>\n<\/ul>\n<\/li>\n\n\n\n<li>Reclama\u00e7\u00f5es\n<ul class=\"wp-block-list\">\n<li>A apresenta\u00e7\u00e3o de qualquer reclama\u00e7\u00e3o no \u00e2mbito da atividade de intermedia\u00e7\u00e3o de cr\u00e9dito poder\u00e1 ser endere\u00e7ada:\n<ul class=\"wp-block-list\">\n<li>A <strong>IMOFINANCE<\/strong>, atrav\u00e9s do preenchimento do livro de reclama\u00e7\u00f5es em formato f\u00edsico dispon\u00edvel na sede ou em formato eletr\u00f3nico dispon\u00edvel em <a href=\"https:\/\/www.livroreclamacoes.pt\/\">www.livroreclamacoes.pt<\/a><\/li>\n\n\n\n<li>Diretamente ao Banco de Portugal, atrav\u00e9s de correio eletr\u00f3nico, de carta ou formul\u00e1rio dispon\u00edvel no Portal do Cliente Banc\u00e1rio, em <a href=\"https:\/\/www.clientebancario.bportugal.pt\/\">www.clientebancario.bportugal.pt<\/a><\/li>\n<\/ul>\n<\/li>\n\n\n\n<li>Qualquer que seja o canal que utilize para apresentar a sua reclama\u00e7\u00e3o, o utilizador deve inserir os seus dados, identificar a entidade em causa e descrever, de forma clara e exata, os factos que justificam a reclama\u00e7\u00e3o.<\/li>\n\n\n\n<li>A apresenta\u00e7\u00e3o de reclama\u00e7\u00f5es n\u00e3o tem custos para o utilizador.<\/li>\n\n\n\n<li>O Banco de Portugal analisa todas as reclama\u00e7\u00f5es que lhe sejam remetidas, independentemente de as mesmas terem sido apresentadas no livro de reclama\u00e7\u00f5es da institui\u00e7\u00e3o visada, no livro de reclama\u00e7\u00f5es eletr\u00f3nico, ou enviadas diretamente ao Banco de Portugal atrav\u00e9s do Portal do Cliente Banc\u00e1rio.<\/li>\n\n\n\n<li>O utilizador deve dirigir a sua queixa\/reclama\u00e7\u00e3o diretamente \u00e0 entidade mutuante respons\u00e1vel pelo produto ou servi\u00e7o no caso de esta estar relacionada com a aquisi\u00e7\u00e3o de algum servi\u00e7o intermediado.<\/li>\n\n\n\n<li>A <strong>IMOFINANCE<\/strong> n\u00e3o pode responder a reclama\u00e7\u00f5es relativas a produtos ou servi\u00e7os das entidades mutuantes nem \u00e9 respons\u00e1vel por quaisquer queixas\/reclama\u00e7\u00f5es dessa natureza.<\/li>\n\n\n\n<li>Recomenda-se ao utilizador que visite o website correspondente ao fornecedor do produto ou servi\u00e7o se desejar realizar alguma reclama\u00e7\u00e3o contra esse fornecedor.<\/li>\n<\/ul>\n<\/li>\n\n\n\n<li>Meios de resolu\u00e7\u00e3o alternativa de lit\u00edgios a que a <strong>IMOFINANCE<\/strong> aderiu:\n<ul class=\"wp-block-list\">\n<li>Os contratos de presta\u00e7\u00e3o de servi\u00e7os celebrados atrav\u00e9s dos Websites s\u00e3o regulados pela Lei Portuguesa.<\/li>\n\n\n\n<li>Qualquer lit\u00edgio resultante ou relacionado com esses contratos est\u00e1 sujeito \u00e0 jurisdi\u00e7\u00e3o exclusiva dos tribunais Portugueses.<\/li>\n\n\n\n<li>A <strong>IMOFINANCE<\/strong> aderiu aos seguintes meio de resolu\u00e7\u00e3o alternativa de lit\u00edgios:\n<ul class=\"wp-block-list\">\n<li>CIAB &#8211; Tribunal Arbitral de Consumo de Braga<\/li>\n\n\n\n<li>CNIACC \u2013 Centro Nacional de Informa\u00e7\u00e3o e Arbitragem de Conflitos de Consumo de Braga<\/li>\n<\/ul>\n<\/li>\n\n\n\n<li>Neste sentido, se os servi\u00e7os forem conclu\u00eddos atrav\u00e9s dos Websites, informa- se, de acordo com o Regulamento n.o 524\/2013 do Parlamento Europeu e do Conselho de 21 de maio de 2013, que tem a faculdade de resolver qualquer lit\u00edgio de forma extrajudicial atrav\u00e9s do acesso \u00e0 plataforma eletr\u00f3nica de resolu\u00e7\u00e3o de conflitos em linha, atrav\u00e9s endere\u00e7o eletr\u00f3nico <a href=\"http:\/\/ec.europa.eu\/consumers\/odr\/\">http:\/\/ec.europa.eu\/consumers\/odr\/<\/a>.<\/li>\n\n\n\n<li>Pode consultar a lista atualizada das Entidades de Resolu\u00e7\u00e3o Alternativa de Lit\u00edgios dispon\u00edveis ao abrigo do artigo 17.o da Lei n.o 144\/2015, de 8 de setembro, no Portal do Consumidor, atrav\u00e9s do seguinte website <a href=\"https:\/\/www.consumidor.gov.pt\/\">www.consumidor.gov.pt<\/a> .<\/li>\n<\/ul>\n<\/li>\n<\/ul>\n\n\n<div class=\"wp-block-image\">\n<figure class=\"aligncenter size-full is-resized\"><img decoding=\"async\" src=\"http:\/\/imofinance.pt\/wp-content\/uploads\/2023\/08\/logo-IF-imofinance400.png\" alt=\"\" class=\"wp-image-280\" style=\"width:104px;height:105px\" width=\"104\" height=\"105\" srcset=\"https:\/\/imofinance.pt\/wp-content\/uploads\/2023\/08\/logo-IF-imofinance400.png 180w, https:\/\/imofinance.pt\/wp-content\/uploads\/2023\/08\/logo-IF-imofinance400-150x150.png 150w\" sizes=\"(max-width: 104px) 100vw, 104px\" \/><\/figure>\n<\/div>\n\n\n<p> <\/p>\n\n\n\n<p>..<\/p>\n","protected":false},"excerpt":{"rendered":"<p>..<\/p>\n","protected":false},"author":1,"featured_media":0,"parent":0,"menu_order":0,"comment_status":"closed","ping_status":"open","template":"","meta":{"footnotes":""},"class_list":["post-2","page","type-page","status-publish","hentry"],"yoast_head":"<!-- This site is optimized with the Yoast SEO plugin v27.4 - https:\/\/yoast.com\/product\/yoast-seo-wordpress\/ -->\n<title>Intermedi\u00e1rio de cr\u00e9dito - IMOFINANCE<\/title>\n<meta name=\"robots\" content=\"index, follow, max-snippet:-1, max-image-preview:large, max-video-preview:-1\" \/>\n<link rel=\"canonical\" href=\"https:\/\/imofinance.pt\/index.php\/intermediario-de-credito\/\" \/>\n<meta property=\"og:locale\" content=\"pt_PT\" \/>\n<meta property=\"og:type\" content=\"article\" \/>\n<meta property=\"og:title\" content=\"Intermedi\u00e1rio de cr\u00e9dito - IMOFINANCE\" \/>\n<meta property=\"og:description\" content=\"..\" \/>\n<meta property=\"og:url\" content=\"https:\/\/imofinance.pt\/index.php\/intermediario-de-credito\/\" \/>\n<meta property=\"og:site_name\" content=\"IMOFINANCE\" \/>\n<meta property=\"article:publisher\" content=\"https:\/\/www.facebook.com\/imofinance.realestate.credit\/\" \/>\n<meta property=\"article:modified_time\" content=\"2023-08-30T11:43:49+00:00\" \/>\n<meta property=\"og:image\" content=\"http:\/\/imofinance.pt\/wp-content\/uploads\/2023\/08\/logo-IF-imofinance400.png\" \/>\n<meta name=\"twitter:card\" content=\"summary_large_image\" \/>\n<meta name=\"twitter:label1\" content=\"Tempo estimado de leitura\" \/>\n\t<meta name=\"twitter:data1\" content=\"5 minutos\" \/>\n<script type=\"application\/ld+json\" class=\"yoast-schema-graph\">{\"@context\":\"https:\\\/\\\/schema.org\",\"@graph\":[{\"@type\":\"WebPage\",\"@id\":\"https:\\\/\\\/imofinance.pt\\\/index.php\\\/intermediario-de-credito\\\/\",\"url\":\"https:\\\/\\\/imofinance.pt\\\/index.php\\\/intermediario-de-credito\\\/\",\"name\":\"Intermedi\u00e1rio de cr\u00e9dito - IMOFINANCE\",\"isPartOf\":{\"@id\":\"https:\\\/\\\/imofinance.pt\\\/#website\"},\"primaryImageOfPage\":{\"@id\":\"https:\\\/\\\/imofinance.pt\\\/index.php\\\/intermediario-de-credito\\\/#primaryimage\"},\"image\":{\"@id\":\"https:\\\/\\\/imofinance.pt\\\/index.php\\\/intermediario-de-credito\\\/#primaryimage\"},\"thumbnailUrl\":\"http:\\\/\\\/imofinance.pt\\\/wp-content\\\/uploads\\\/2023\\\/08\\\/logo-IF-imofinance400.png\",\"datePublished\":\"2023-04-10T22:31:27+00:00\",\"dateModified\":\"2023-08-30T11:43:49+00:00\",\"breadcrumb\":{\"@id\":\"https:\\\/\\\/imofinance.pt\\\/index.php\\\/intermediario-de-credito\\\/#breadcrumb\"},\"inLanguage\":\"pt-PT\",\"potentialAction\":[{\"@type\":\"ReadAction\",\"target\":[\"https:\\\/\\\/imofinance.pt\\\/index.php\\\/intermediario-de-credito\\\/\"]}]},{\"@type\":\"ImageObject\",\"inLanguage\":\"pt-PT\",\"@id\":\"https:\\\/\\\/imofinance.pt\\\/index.php\\\/intermediario-de-credito\\\/#primaryimage\",\"url\":\"https:\\\/\\\/imofinance.pt\\\/wp-content\\\/uploads\\\/2023\\\/08\\\/logo-IF-imofinance400.png\",\"contentUrl\":\"https:\\\/\\\/imofinance.pt\\\/wp-content\\\/uploads\\\/2023\\\/08\\\/logo-IF-imofinance400.png\",\"width\":180,\"height\":182},{\"@type\":\"BreadcrumbList\",\"@id\":\"https:\\\/\\\/imofinance.pt\\\/index.php\\\/intermediario-de-credito\\\/#breadcrumb\",\"itemListElement\":[{\"@type\":\"ListItem\",\"position\":1,\"name\":\"In\u00edcio\",\"item\":\"https:\\\/\\\/imofinance.pt\\\/\"},{\"@type\":\"ListItem\",\"position\":2,\"name\":\"Intermedi\u00e1rio de cr\u00e9dito\"}]},{\"@type\":\"WebSite\",\"@id\":\"https:\\\/\\\/imofinance.pt\\\/#website\",\"url\":\"https:\\\/\\\/imofinance.pt\\\/\",\"name\":\"IMOFINANCE\",\"description\":\"Intermedia&ccedil;&atilde;o de Cr&eacute;dito e Media&ccedil;&atilde;o Imobili&aacute;ria | Credit Intermediation and Real Estate\",\"publisher\":{\"@id\":\"https:\\\/\\\/imofinance.pt\\\/#organization\"},\"potentialAction\":[{\"@type\":\"SearchAction\",\"target\":{\"@type\":\"EntryPoint\",\"urlTemplate\":\"https:\\\/\\\/imofinance.pt\\\/?s={search_term_string}\"},\"query-input\":{\"@type\":\"PropertyValueSpecification\",\"valueRequired\":true,\"valueName\":\"search_term_string\"}}],\"inLanguage\":\"pt-PT\"},{\"@type\":\"Organization\",\"@id\":\"https:\\\/\\\/imofinance.pt\\\/#organization\",\"name\":\"IMOFINANCE by Formula Credivel Lda\",\"url\":\"https:\\\/\\\/imofinance.pt\\\/\",\"logo\":{\"@type\":\"ImageObject\",\"inLanguage\":\"pt-PT\",\"@id\":\"https:\\\/\\\/imofinance.pt\\\/#\\\/schema\\\/logo\\\/image\\\/\",\"url\":\"http:\\\/\\\/imofinance.pt\\\/wp-content\\\/uploads\\\/2024\\\/04\\\/logo-IF-imofinance400.png\",\"contentUrl\":\"http:\\\/\\\/imofinance.pt\\\/wp-content\\\/uploads\\\/2024\\\/04\\\/logo-IF-imofinance400.png\",\"width\":180,\"height\":182,\"caption\":\"IMOFINANCE by Formula Credivel Lda\"},\"image\":{\"@id\":\"https:\\\/\\\/imofinance.pt\\\/#\\\/schema\\\/logo\\\/image\\\/\"},\"sameAs\":[\"https:\\\/\\\/www.facebook.com\\\/imofinance.realestate.credit\\\/\",\"https:\\\/\\\/www.linkedin.com\\\/company\\\/86829250\\\/admin\\\/feed\\\/posts\\\/\",\"https:\\\/\\\/www.youtube.com\\\/channel\\\/UCBDXHUT2JFgp-oqL1td6bEg\",\"https:\\\/\\\/www.instagram.com\\\/imofinance_pt\\\/\"]}]}<\/script>\n<!-- \/ Yoast SEO plugin. -->","yoast_head_json":{"title":"Intermedi\u00e1rio de cr\u00e9dito - IMOFINANCE","robots":{"index":"index","follow":"follow","max-snippet":"max-snippet:-1","max-image-preview":"max-image-preview:large","max-video-preview":"max-video-preview:-1"},"canonical":"https:\/\/imofinance.pt\/index.php\/intermediario-de-credito\/","og_locale":"pt_PT","og_type":"article","og_title":"Intermedi\u00e1rio de cr\u00e9dito - IMOFINANCE","og_description":"..","og_url":"https:\/\/imofinance.pt\/index.php\/intermediario-de-credito\/","og_site_name":"IMOFINANCE","article_publisher":"https:\/\/www.facebook.com\/imofinance.realestate.credit\/","article_modified_time":"2023-08-30T11:43:49+00:00","og_image":[{"url":"http:\/\/imofinance.pt\/wp-content\/uploads\/2023\/08\/logo-IF-imofinance400.png","type":"","width":"","height":""}],"twitter_card":"summary_large_image","twitter_misc":{"Tempo estimado de leitura":"5 minutos"},"schema":{"@context":"https:\/\/schema.org","@graph":[{"@type":"WebPage","@id":"https:\/\/imofinance.pt\/index.php\/intermediario-de-credito\/","url":"https:\/\/imofinance.pt\/index.php\/intermediario-de-credito\/","name":"Intermedi\u00e1rio de cr\u00e9dito - IMOFINANCE","isPartOf":{"@id":"https:\/\/imofinance.pt\/#website"},"primaryImageOfPage":{"@id":"https:\/\/imofinance.pt\/index.php\/intermediario-de-credito\/#primaryimage"},"image":{"@id":"https:\/\/imofinance.pt\/index.php\/intermediario-de-credito\/#primaryimage"},"thumbnailUrl":"http:\/\/imofinance.pt\/wp-content\/uploads\/2023\/08\/logo-IF-imofinance400.png","datePublished":"2023-04-10T22:31:27+00:00","dateModified":"2023-08-30T11:43:49+00:00","breadcrumb":{"@id":"https:\/\/imofinance.pt\/index.php\/intermediario-de-credito\/#breadcrumb"},"inLanguage":"pt-PT","potentialAction":[{"@type":"ReadAction","target":["https:\/\/imofinance.pt\/index.php\/intermediario-de-credito\/"]}]},{"@type":"ImageObject","inLanguage":"pt-PT","@id":"https:\/\/imofinance.pt\/index.php\/intermediario-de-credito\/#primaryimage","url":"https:\/\/imofinance.pt\/wp-content\/uploads\/2023\/08\/logo-IF-imofinance400.png","contentUrl":"https:\/\/imofinance.pt\/wp-content\/uploads\/2023\/08\/logo-IF-imofinance400.png","width":180,"height":182},{"@type":"BreadcrumbList","@id":"https:\/\/imofinance.pt\/index.php\/intermediario-de-credito\/#breadcrumb","itemListElement":[{"@type":"ListItem","position":1,"name":"In\u00edcio","item":"https:\/\/imofinance.pt\/"},{"@type":"ListItem","position":2,"name":"Intermedi\u00e1rio de cr\u00e9dito"}]},{"@type":"WebSite","@id":"https:\/\/imofinance.pt\/#website","url":"https:\/\/imofinance.pt\/","name":"IMOFINANCE","description":"Intermedia&ccedil;&atilde;o de Cr&eacute;dito e Media&ccedil;&atilde;o Imobili&aacute;ria | Credit Intermediation and Real Estate","publisher":{"@id":"https:\/\/imofinance.pt\/#organization"},"potentialAction":[{"@type":"SearchAction","target":{"@type":"EntryPoint","urlTemplate":"https:\/\/imofinance.pt\/?s={search_term_string}"},"query-input":{"@type":"PropertyValueSpecification","valueRequired":true,"valueName":"search_term_string"}}],"inLanguage":"pt-PT"},{"@type":"Organization","@id":"https:\/\/imofinance.pt\/#organization","name":"IMOFINANCE by Formula Credivel Lda","url":"https:\/\/imofinance.pt\/","logo":{"@type":"ImageObject","inLanguage":"pt-PT","@id":"https:\/\/imofinance.pt\/#\/schema\/logo\/image\/","url":"http:\/\/imofinance.pt\/wp-content\/uploads\/2024\/04\/logo-IF-imofinance400.png","contentUrl":"http:\/\/imofinance.pt\/wp-content\/uploads\/2024\/04\/logo-IF-imofinance400.png","width":180,"height":182,"caption":"IMOFINANCE by Formula Credivel Lda"},"image":{"@id":"https:\/\/imofinance.pt\/#\/schema\/logo\/image\/"},"sameAs":["https:\/\/www.facebook.com\/imofinance.realestate.credit\/","https:\/\/www.linkedin.com\/company\/86829250\/admin\/feed\/posts\/","https:\/\/www.youtube.com\/channel\/UCBDXHUT2JFgp-oqL1td6bEg","https:\/\/www.instagram.com\/imofinance_pt\/"]}]}},"_links":{"self":[{"href":"https:\/\/imofinance.pt\/index.php\/wp-json\/wp\/v2\/pages\/2","targetHints":{"allow":["GET"]}}],"collection":[{"href":"https:\/\/imofinance.pt\/index.php\/wp-json\/wp\/v2\/pages"}],"about":[{"href":"https:\/\/imofinance.pt\/index.php\/wp-json\/wp\/v2\/types\/page"}],"author":[{"embeddable":true,"href":"https:\/\/imofinance.pt\/index.php\/wp-json\/wp\/v2\/users\/1"}],"replies":[{"embeddable":true,"href":"https:\/\/imofinance.pt\/index.php\/wp-json\/wp\/v2\/comments?post=2"}],"version-history":[{"count":10,"href":"https:\/\/imofinance.pt\/index.php\/wp-json\/wp\/v2\/pages\/2\/revisions"}],"predecessor-version":[{"id":306,"href":"https:\/\/imofinance.pt\/index.php\/wp-json\/wp\/v2\/pages\/2\/revisions\/306"}],"wp:attachment":[{"href":"https:\/\/imofinance.pt\/index.php\/wp-json\/wp\/v2\/media?parent=2"}],"curies":[{"name":"wp","href":"https:\/\/api.w.org\/{rel}","templated":true}]}}